{"id":403,"date":"2019-03-08T13:29:40","date_gmt":"2019-03-08T12:29:40","guid":{"rendered":"https:\/\/www.thai-land.pl\/?post_type=product&#038;p=403"},"modified":"2026-03-30T21:25:39","modified_gmt":"2026-03-30T19:25:39","slug":"masaz-tajski-goracym-olejkiem-kokosowym-2-godz","status":"publish","type":"product","link":"https:\/\/www.thai-land.pl\/en\/product\/masaz-tajski-goracym-olejkiem-kokosowym-2-godz\/","title":{"rendered":"Thai Hot Coconut Oil Massage - 2 hours."},"content":{"rendered":"<p>Less intense than a traditional Thai massage and more relaxing massage performed with hot coconut oil. The acupressure technique with a combination of Ayurvedic massage relaxes and relieves stress. When performed correctly, the massage relieves pain in the shoulders, neck, neck, back and legs. The aim of this massage is to improve the immune and nervous systems and to accelerate the excretion of excess water from the body by stimulating the skin pores.  The two-hour option allows the masseuses to concentrate longer on specific parts of the body.<\/p>\n<p><strong>Zakupione zaproszenia s\u0105 wa\u017cne 30 dni od daty zakupu.\u00a0 Prosimy o przemy\u015blany zakup.\u00a0 Termin wa\u017cno\u015bci nie zostanie przed\u0142u\u017cony.\u00a0 \u00a0<\/strong><\/p>","protected":false},"excerpt":{"rendered":"<div id=\"siteIntroduction\" class=\"clearfix\">\n<div class=\"siteIntroductionContent text-muted\">\n<div class=\"col-sm-10\"><span class=\"catalogProductIntro\">Warming and moisturising Thai Hot Coconut Oil Massage.<\/span><\/div>\n<div><\/div>\n<div><\/div>\n<\/div>\n<div><\/div>\n<\/div>","protected":false},"featured_media":68,"template":"","meta":[],"product_brand":[],"product_cat":[22],"product_tag":[],"class_list":{"0":"post-403","1":"product","2":"type-product","3":"status-publish","4":"has-post-thumbnail","6":"product_cat-zaproszenia","7":"sales-flash-overlay","8":"woocommerce-text-align-center","9":"woocommerce-image-align-center","10":"do-quantity-buttons","12":"first","13":"instock","14":"downloadable","15":"shipping-taxable","16":"purchasable","17":"product-type-simple"},"aioseo_notices":[],"_links":{"self":[{"href":"https:\/\/www.thai-land.pl\/en\/wp-json\/wp\/v2\/product\/403","targetHints":{"allow":["GET"]}}],"collection":[{"href":"https:\/\/www.thai-land.pl\/en\/wp-json\/wp\/v2\/product"}],"about":[{"href":"https:\/\/www.thai-land.pl\/en\/wp-json\/wp\/v2\/types\/product"}],"wp:featuredmedia":[{"embeddable":true,"href":"https:\/\/www.thai-land.pl\/en\/wp-json\/wp\/v2\/media\/68"}],"wp:attachment":[{"href":"https:\/\/www.thai-land.pl\/en\/wp-json\/wp\/v2\/media?parent=403"}],"wp:term":[{"taxonomy":"product_brand","embeddable":true,"href":"https:\/\/www.thai-land.pl\/en\/wp-json\/wp\/v2\/product_brand?post=403"},{"taxonomy":"product_cat","embeddable":true,"href":"https:\/\/www.thai-land.pl\/en\/wp-json\/wp\/v2\/product_cat?post=403"},{"taxonomy":"product_tag","embeddable":true,"href":"https:\/\/www.thai-land.pl\/en\/wp-json\/wp\/v2\/product_tag?post=403"}],"curies":[{"name":"wp","href":"https:\/\/api.w.org\/{rel}","templated":true}]}}