{"id":395,"date":"2019-03-08T13:23:09","date_gmt":"2019-03-08T12:23:09","guid":{"rendered":"https:\/\/www.thai-land.pl\/?post_type=product&#038;p=395"},"modified":"2026-03-30T21:19:29","modified_gmt":"2026-03-30T19:19:29","slug":"masaz-glowa-ramiona-i-plecy-1-godz","status":"publish","type":"product","link":"https:\/\/www.thai-land.pl\/en\/product\/masaz-glowa-ramiona-i-plecy-1-godz\/","title":{"rendered":"Head, Shoulders and Back massage - 1 hour."},"content":{"rendered":"<p>An intensive massage from the waist up. It is a sequence of techniques combining acupressure of the most important points on the body with elements of yoga and stretching. This massage is recommended for people with a sedentary lifestyle.<\/p>\n<p><strong>Zakupione zaproszenia s\u0105 wa\u017cne 30 dni od daty zakupu.\u00a0 Prosimy o przemy\u015blany zakup.\u00a0 Termin wa\u017cno\u015bci nie zostanie przed\u0142u\u017cony.\u00a0 <\/strong><\/p>","protected":false},"excerpt":{"rendered":"<p>An intensive massage from the waist up. It is a sequence of techniques, combining acupressure of the more important points on the body with elements of yoga and stretching.<\/p>","protected":false},"featured_media":72,"template":"","meta":[],"product_brand":[],"product_cat":[22],"product_tag":[],"class_list":{"0":"post-395","1":"product","2":"type-product","3":"status-publish","4":"has-post-thumbnail","6":"product_cat-zaproszenia","7":"sales-flash-overlay","8":"woocommerce-text-align-center","9":"woocommerce-image-align-center","10":"do-quantity-buttons","12":"first","13":"instock","14":"downloadable","15":"shipping-taxable","16":"purchasable","17":"product-type-simple"},"aioseo_notices":[],"_links":{"self":[{"href":"https:\/\/www.thai-land.pl\/en\/wp-json\/wp\/v2\/product\/395","targetHints":{"allow":["GET"]}}],"collection":[{"href":"https:\/\/www.thai-land.pl\/en\/wp-json\/wp\/v2\/product"}],"about":[{"href":"https:\/\/www.thai-land.pl\/en\/wp-json\/wp\/v2\/types\/product"}],"wp:featuredmedia":[{"embeddable":true,"href":"https:\/\/www.thai-land.pl\/en\/wp-json\/wp\/v2\/media\/72"}],"wp:attachment":[{"href":"https:\/\/www.thai-land.pl\/en\/wp-json\/wp\/v2\/media?parent=395"}],"wp:term":[{"taxonomy":"product_brand","embeddable":true,"href":"https:\/\/www.thai-land.pl\/en\/wp-json\/wp\/v2\/product_brand?post=395"},{"taxonomy":"product_cat","embeddable":true,"href":"https:\/\/www.thai-land.pl\/en\/wp-json\/wp\/v2\/product_cat?post=395"},{"taxonomy":"product_tag","embeddable":true,"href":"https:\/\/www.thai-land.pl\/en\/wp-json\/wp\/v2\/product_tag?post=395"}],"curies":[{"name":"wp","href":"https:\/\/api.w.org\/{rel}","templated":true}]}}