{"id":393,"date":"2019-03-08T13:21:28","date_gmt":"2019-03-08T12:21:28","guid":{"rendered":"https:\/\/www.thai-land.pl\/?post_type=product&#038;p=393"},"modified":"2026-03-30T21:20:58","modified_gmt":"2026-03-30T19:20:58","slug":"masaz-tajski-olejkami-aromatycznymi-1-godz","status":"publish","type":"product","link":"https:\/\/www.thai-land.pl\/en\/product\/masaz-tajski-olejkami-aromatycznymi-1-godz\/","title":{"rendered":"Aromatic Oil Massage - 1 hour."},"content":{"rendered":"<p>Less intense than a classic massage and more relaxing massage performed with aromatic oils. The acupressure technique with a combination of ayurvedic massage relaxes and relieves stress. When performed correctly, Thai massage with aromatic oils relieves pain in the shoulders, neck, neck, back and legs. The aim of this massage is to improve the immune and nervous systems and accelerate the excretion of excess water from the body by stimulating the skin pores.<\/p>\n<p><strong>Zakupione zaproszenia s\u0105 wa\u017cne 30 dni od daty zakupu.\u00a0 Prosimy o przemy\u015blany zakup.\u00a0 Termin wa\u017cno\u015bci nie zostanie przed\u0142u\u017cony.\u00a0 <\/strong><\/p>","protected":false},"excerpt":{"rendered":"<div id=\"siteIntroduction\" class=\"clearfix\">\n<div class=\"siteIntroductionContent text-muted\">\n<div class=\"col-sm-10\"><span class=\"catalogProductIntro\">Less intense than a traditional massage and more relaxing massage performed with aromatic oils.<\/span><\/div>\n<div><\/div>\n<\/div>\n<\/div>","protected":false},"featured_media":392,"template":"","meta":[],"product_brand":[],"product_cat":[22],"product_tag":[],"class_list":{"0":"post-393","1":"product","2":"type-product","3":"status-publish","4":"has-post-thumbnail","6":"product_cat-zaproszenia","7":"sales-flash-overlay","8":"woocommerce-text-align-center","9":"woocommerce-image-align-center","10":"do-quantity-buttons","12":"first","13":"instock","14":"downloadable","15":"shipping-taxable","16":"purchasable","17":"product-type-simple"},"aioseo_notices":[],"_links":{"self":[{"href":"https:\/\/www.thai-land.pl\/en\/wp-json\/wp\/v2\/product\/393","targetHints":{"allow":["GET"]}}],"collection":[{"href":"https:\/\/www.thai-land.pl\/en\/wp-json\/wp\/v2\/product"}],"about":[{"href":"https:\/\/www.thai-land.pl\/en\/wp-json\/wp\/v2\/types\/product"}],"wp:featuredmedia":[{"embeddable":true,"href":"https:\/\/www.thai-land.pl\/en\/wp-json\/wp\/v2\/media\/392"}],"wp:attachment":[{"href":"https:\/\/www.thai-land.pl\/en\/wp-json\/wp\/v2\/media?parent=393"}],"wp:term":[{"taxonomy":"product_brand","embeddable":true,"href":"https:\/\/www.thai-land.pl\/en\/wp-json\/wp\/v2\/product_brand?post=393"},{"taxonomy":"product_cat","embeddable":true,"href":"https:\/\/www.thai-land.pl\/en\/wp-json\/wp\/v2\/product_cat?post=393"},{"taxonomy":"product_tag","embeddable":true,"href":"https:\/\/www.thai-land.pl\/en\/wp-json\/wp\/v2\/product_tag?post=393"}],"curies":[{"name":"wp","href":"https:\/\/api.w.org\/{rel}","templated":true}]}}