{"id":375,"date":"2019-03-08T09:50:17","date_gmt":"2019-03-08T08:50:17","guid":{"rendered":"https:\/\/www.thai-land.pl\/?post_type=product&#038;p=375"},"modified":"2026-03-30T21:23:07","modified_gmt":"2026-03-30T19:23:07","slug":"masaz-tajski-goracym-olejkiem-kokosowym-1-godz","status":"publish","type":"product","link":"https:\/\/www.thai-land.pl\/en\/product\/masaz-tajski-goracym-olejkiem-kokosowym-1-godz\/","title":{"rendered":"Thai Hot Coconut Oil Massage - 1 hour."},"content":{"rendered":"<p>Less intense than a traditional Thai massage and more relaxing massage performed with hot coconut oil. The acupressure technique with a combination of Ayurvedic massage relaxes and relieves stress. When performed correctly, this massage relieves pain in the shoulders, neck, neck, back and legs. The aim of this massage is to improve the immune and nervous systems and to accelerate the excretion of excess water from the body by stimulating the skin pores.<\/p>\n<p><strong>Zakupione zaproszenia s\u0105 wa\u017cne 30 dni od daty zakupu.\u00a0 Prosimy o przemy\u015blany zakup.\u00a0 Termin wa\u017cno\u015bci nie zostanie przed\u0142u\u017cony.\u00a0 <\/strong><\/p>\n<p>&nbsp;<\/p>","protected":false},"excerpt":{"rendered":"<p>Warming and moisturising Thai Hot Coconut Oil Massage.<\/p>\n<p>&nbsp;<\/p>","protected":false},"featured_media":388,"template":"","meta":[],"product_brand":[],"product_cat":[22],"product_tag":[],"class_list":{"0":"post-375","1":"product","2":"type-product","3":"status-publish","4":"has-post-thumbnail","6":"product_cat-zaproszenia","7":"sales-flash-overlay","8":"woocommerce-text-align-center","9":"woocommerce-image-align-center","10":"do-quantity-buttons","12":"first","13":"instock","14":"downloadable","15":"shipping-taxable","16":"purchasable","17":"product-type-simple"},"aioseo_notices":[],"_links":{"self":[{"href":"https:\/\/www.thai-land.pl\/en\/wp-json\/wp\/v2\/product\/375","targetHints":{"allow":["GET"]}}],"collection":[{"href":"https:\/\/www.thai-land.pl\/en\/wp-json\/wp\/v2\/product"}],"about":[{"href":"https:\/\/www.thai-land.pl\/en\/wp-json\/wp\/v2\/types\/product"}],"wp:featuredmedia":[{"embeddable":true,"href":"https:\/\/www.thai-land.pl\/en\/wp-json\/wp\/v2\/media\/388"}],"wp:attachment":[{"href":"https:\/\/www.thai-land.pl\/en\/wp-json\/wp\/v2\/media?parent=375"}],"wp:term":[{"taxonomy":"product_brand","embeddable":true,"href":"https:\/\/www.thai-land.pl\/en\/wp-json\/wp\/v2\/product_brand?post=375"},{"taxonomy":"product_cat","embeddable":true,"href":"https:\/\/www.thai-land.pl\/en\/wp-json\/wp\/v2\/product_cat?post=375"},{"taxonomy":"product_tag","embeddable":true,"href":"https:\/\/www.thai-land.pl\/en\/wp-json\/wp\/v2\/product_tag?post=375"}],"curies":[{"name":"wp","href":"https:\/\/api.w.org\/{rel}","templated":true}]}}