{"id":371,"date":"2019-03-08T09:11:40","date_gmt":"2019-03-08T08:11:40","guid":{"rendered":"https:\/\/www.thai-land.pl\/?post_type=product&#038;p=371"},"modified":"2026-03-30T21:23:54","modified_gmt":"2026-03-30T19:23:54","slug":"tajski-masaz-stop-refleksoterapia-1-godz","status":"publish","type":"product","link":"https:\/\/www.thai-land.pl\/en\/product\/tajski-masaz-stop-refleksoterapia-1-godz\/","title":{"rendered":"Thai foot massage - reflexology - 1 hour."},"content":{"rendered":"<p>The Thai foot massage is very intensive. As it uses reflexology, among other things, it provides stimulation not only to the feet themselves, but also to the whole body. It is the ideal massage to remove the feeling of \"heavy, tired feet\". The massage has a positive effect on the circulatory system.<\/p>\n<p><strong>Zakupione zaproszenia s\u0105 wa\u017cne 30 dni od daty zakupu.\u00a0 Prosimy o przemy\u015blany zakup.\u00a0 Termin wa\u017cno\u015bci nie zostanie przed\u0142u\u017cony.\u00a0 <\/strong><\/p>","protected":false},"excerpt":{"rendered":"<p>The Thai foot massage is very intensive. As it uses reflexology, among other things, it provides stimulation not only to the feet themselves, but also to the whole body.<\/p>","protected":false},"featured_media":156,"template":"","meta":[],"product_brand":[],"product_cat":[22],"product_tag":[],"class_list":{"0":"post-371","1":"product","2":"type-product","3":"status-publish","4":"has-post-thumbnail","6":"product_cat-zaproszenia","7":"sales-flash-overlay","8":"woocommerce-text-align-center","9":"woocommerce-image-align-center","10":"do-quantity-buttons","12":"first","13":"instock","14":"downloadable","15":"shipping-taxable","16":"purchasable","17":"product-type-simple"},"aioseo_notices":[],"_links":{"self":[{"href":"https:\/\/www.thai-land.pl\/en\/wp-json\/wp\/v2\/product\/371","targetHints":{"allow":["GET"]}}],"collection":[{"href":"https:\/\/www.thai-land.pl\/en\/wp-json\/wp\/v2\/product"}],"about":[{"href":"https:\/\/www.thai-land.pl\/en\/wp-json\/wp\/v2\/types\/product"}],"wp:featuredmedia":[{"embeddable":true,"href":"https:\/\/www.thai-land.pl\/en\/wp-json\/wp\/v2\/media\/156"}],"wp:attachment":[{"href":"https:\/\/www.thai-land.pl\/en\/wp-json\/wp\/v2\/media?parent=371"}],"wp:term":[{"taxonomy":"product_brand","embeddable":true,"href":"https:\/\/www.thai-land.pl\/en\/wp-json\/wp\/v2\/product_brand?post=371"},{"taxonomy":"product_cat","embeddable":true,"href":"https:\/\/www.thai-land.pl\/en\/wp-json\/wp\/v2\/product_cat?post=371"},{"taxonomy":"product_tag","embeddable":true,"href":"https:\/\/www.thai-land.pl\/en\/wp-json\/wp\/v2\/product_tag?post=371"}],"curies":[{"name":"wp","href":"https:\/\/api.w.org\/{rel}","templated":true}]}}