{"id":1409,"date":"2019-11-21T17:38:51","date_gmt":"2019-11-21T16:38:51","guid":{"rendered":"https:\/\/www.thai-land.pl\/?post_type=product&#038;p=1409"},"modified":"2026-03-30T21:25:08","modified_gmt":"2026-03-30T19:25:08","slug":"tradycyjny-masaz-tajski-2h","status":"publish","type":"product","link":"https:\/\/www.thai-land.pl\/en\/product\/tradycyjny-masaz-tajski-2h\/","title":{"rendered":"Traditional Thai Massage - 2 hours."},"content":{"rendered":"<p>An intense and deep massage usually performed on the floor and always in comfortable clothing. In traditional Thai massage, pressure is applied to specific points all over the body, from the feet to the head. It is a technique that combines deep acupressure of the most important points of the body with elements of yoga. Recognised in Thailand as a therapeutic massage, this massage helps to relieve muscle and joint tension.<\/p>\n<p><strong>Zakupione zaproszenia s\u0105 wa\u017cne 30 dni od daty zakupu.\u00a0 Prosimy o przemy\u015blany zakup.\u00a0 Termin wa\u017cno\u015bci nie zostanie przed\u0142u\u017cony.\u00a0 <\/strong><\/p>","protected":false},"excerpt":{"rendered":"<div id=\"siteIntroduction\" class=\"clearfix\">\n<div class=\"siteIntroductionContent text-muted\">\n<div class=\"col-sm-10\">Traditional Thai Massage - A two-hour intensive therapeutic massage. For the spirit, heart and body.<\/div>\n<\/div>\n<\/div>","protected":false},"featured_media":127,"template":"","meta":[],"product_brand":[],"product_cat":[22],"product_tag":[],"class_list":{"0":"post-1409","1":"product","2":"type-product","3":"status-publish","4":"has-post-thumbnail","6":"product_cat-zaproszenia","7":"sales-flash-overlay","8":"woocommerce-text-align-center","9":"woocommerce-image-align-center","10":"do-quantity-buttons","12":"first","13":"instock","14":"downloadable","15":"shipping-taxable","16":"purchasable","17":"product-type-simple"},"aioseo_notices":[],"_links":{"self":[{"href":"https:\/\/www.thai-land.pl\/en\/wp-json\/wp\/v2\/product\/1409","targetHints":{"allow":["GET"]}}],"collection":[{"href":"https:\/\/www.thai-land.pl\/en\/wp-json\/wp\/v2\/product"}],"about":[{"href":"https:\/\/www.thai-land.pl\/en\/wp-json\/wp\/v2\/types\/product"}],"wp:featuredmedia":[{"embeddable":true,"href":"https:\/\/www.thai-land.pl\/en\/wp-json\/wp\/v2\/media\/127"}],"wp:attachment":[{"href":"https:\/\/www.thai-land.pl\/en\/wp-json\/wp\/v2\/media?parent=1409"}],"wp:term":[{"taxonomy":"product_brand","embeddable":true,"href":"https:\/\/www.thai-land.pl\/en\/wp-json\/wp\/v2\/product_brand?post=1409"},{"taxonomy":"product_cat","embeddable":true,"href":"https:\/\/www.thai-land.pl\/en\/wp-json\/wp\/v2\/product_cat?post=1409"},{"taxonomy":"product_tag","embeddable":true,"href":"https:\/\/www.thai-land.pl\/en\/wp-json\/wp\/v2\/product_tag?post=1409"}],"curies":[{"name":"wp","href":"https:\/\/api.w.org\/{rel}","templated":true}]}}