{"id":20,"date":"2019-02-22T17:43:00","date_gmt":"2019-02-22T16:43:00","guid":{"rendered":"https:\/\/www.thai-land.pl\/?page_id=20"},"modified":"2026-03-30T21:29:18","modified_gmt":"2026-03-30T19:29:18","slug":"promocje","status":"publish","type":"page","link":"https:\/\/www.thai-land.pl\/en\/promocje\/","title":{"rendered":"Promotions"},"content":{"rendered":"<div data-elementor-type=\"wp-post\" data-elementor-id=\"20\" class=\"elementor elementor-20\" data-elementor-post-type=\"page\">\n\t\t\t\t\t\t<section class=\"elementor-section elementor-top-section elementor-element elementor-element-499dd75 elementor-section-boxed elementor-section-height-default elementor-section-height-default\" data-id=\"499dd75\" data-element_type=\"section\" data-e-type=\"section\" data-settings=\"{&quot;jet_parallax_layout_list&quot;:[{&quot;jet_parallax_layout_image&quot;:{&quot;url&quot;:&quot;&quot;,&quot;id&quot;:&quot;&quot;,&quot;size&quot;:&quot;&quot;},&quot;_id&quot;:&quot;fbc0929&quot;,&quot;jet_parallax_layout_image_tablet&quot;:{&quot;url&quot;:&quot;&quot;,&quot;id&quot;:&quot;&quot;,&quot;size&quot;:&quot;&quot;},&quot;jet_parallax_layout_image_mobile&quot;:{&quot;url&quot;:&quot;&quot;,&quot;id&quot;:&quot;&quot;,&quot;size&quot;:&quot;&quot;},&quot;jet_parallax_layout_speed&quot;:{&quot;unit&quot;:&quot;%&quot;,&quot;size&quot;:50,&quot;sizes&quot;:[]},&quot;jet_parallax_layout_type&quot;:&quot;scroll&quot;,&quot;jet_parallax_layout_direction&quot;:&quot;1&quot;,&quot;jet_parallax_layout_fx_direction&quot;:null,&quot;jet_parallax_layout_z_index&quot;:&quot;&quot;,&quot;jet_parallax_layout_bg_x&quot;:50,&quot;jet_parallax_layout_bg_x_tablet&quot;:&quot;&quot;,&quot;jet_parallax_layout_bg_x_mobile&quot;:&quot;&quot;,&quot;jet_parallax_layout_bg_y&quot;:50,&quot;jet_parallax_layout_bg_y_tablet&quot;:&quot;&quot;,&quot;jet_parallax_layout_bg_y_mobile&quot;:&quot;&quot;,&quot;jet_parallax_layout_bg_size&quot;:&quot;auto&quot;,&quot;jet_parallax_layout_bg_size_tablet&quot;:&quot;&quot;,&quot;jet_parallax_layout_bg_size_mobile&quot;:&quot;&quot;,&quot;jet_parallax_layout_animation_prop&quot;:&quot;transform&quot;,&quot;jet_parallax_layout_on&quot;:[&quot;desktop&quot;,&quot;tablet&quot;]}]}\">\n\t\t\t\t\t\t<div class=\"elementor-container elementor-column-gap-default\">\n\t\t\t\t\t<div class=\"elementor-column elementor-col-100 elementor-top-column elementor-element elementor-element-fad6cce\" data-id=\"fad6cce\" data-element_type=\"column\" data-e-type=\"column\">\n\t\t\t<div class=\"elementor-widget-wrap elementor-element-populated\">\n\t\t\t\t\t\t<div class=\"elementor-element elementor-element-d56694f elementor-countdown--label-block elementor-widget elementor-widget-countdown\" data-id=\"d56694f\" data-element_type=\"widget\" data-e-type=\"widget\" data-widget_type=\"countdown.default\">\n\t\t\t\t<div class=\"elementor-widget-container\">\n\t\t\t\t\t\t\t<div data-expire-actions=\"[{&quot;type&quot;:&quot;hide&quot;}]\" class=\"elementor-countdown-wrapper\" data-date=\"1593554340\">\n\t\t\t\t\t<\/div>\n\t\t\t\t\t\t<\/div>\n\t\t\t\t<\/div>\n\t\t\t\t<div class=\"elementor-element elementor-element-96597ae elementor-widget elementor-widget-text-editor\" data-id=\"96597ae\" data-element_type=\"widget\" data-e-type=\"widget\" data-widget_type=\"text-editor.default\">\n\t\t\t\t<div class=\"elementor-widget-container\">\n\t\t\t\t\t\t\t\t\t<h1 style=\"font-family: Montserrat, sans-serif; font-style: normal; color: #414040; text-align: center;\"><strong style=\"font-size: 30px;\"><span style=\"color: #800080; font-family: 'comic sans ms', sans-serif; font-style: inherit;\">Zaproszenia s\u0105 wa\u017cne <\/span><\/strong><span style=\"color: #800080; font-family: 'comic sans ms', sans-serif; font-style: inherit;\"><span style=\"text-decoration: underline;\">30 dni<\/span><\/span><strong style=\"font-size: 30px;\"><span style=\"color: #800080; font-family: 'comic sans ms', sans-serif; font-style: inherit;\"> od daty zakupu.<\/span><\/strong><\/h1><div><strong><span style=\"color: #800080; font-family: 'comic sans ms', sans-serif; font-style: inherit;\">\u00a0<\/span><\/strong><\/div><h2 style=\"font-family: Montserrat, sans-serif; font-style: normal; color: #414040; text-align: center;\"><strong><span style=\"color: #800080; font-family: 'comic sans ms', sans-serif; font-style: inherit;\">You are welcome 7 days a week from 12:00 to 22:00<\/span><\/strong><\/h2><h2 style=\"font-family: Montserrat, sans-serif; font-style: normal; color: #414040; text-align: center;\"><strong><span style=\"color: #800080; font-family: 'comic sans ms', sans-serif; font-style: inherit;\">\u00a0D\u0142uga Street 14\/2a in Pozna\u0144<\/span><\/strong><\/h2><p style=\"text-align: center;\"><strong><span style=\"color: #800080; font-family: 'comic sans ms', sans-serif; font-style: inherit;\">For enquiries and bookings, call: +48 510 404 504<\/span><\/strong><\/p><div><span style=\"font-style: inherit; color: #800080; font-family: 'comic sans ms', sans-serif;\">\u00a0<\/span><\/div><h3 style=\"text-align: center;\"><b style=\"color: #800080; font-family: 'comic sans ms', sans-serif; font-size: 15px;\"><span style=\"color: #ff0000;\">Have you bought an online invitation and not received an email?  In the first instance please <span style=\"text-decoration-line: underline;\"><em>check your spam box (junk mail)<\/em><\/span>.  Sometimes our emails go there.  Invitations are automatically sent after payment has been made.  If you have any problems, please send us an email (<\/span><\/b><a href=\"https:\/\/www.thai-land.pl\/en\/promocje\/\" target=\"_blank\" rel=\"noopener\"><b>salon@dluga14.pl<\/b><\/a><b style=\"color: #800080; font-family: 'comic sans ms', sans-serif; font-size: 15px;\"><span style=\"color: #ff0000;\">) with the name of the buyer and the date of purchase and we will send you a copy again.\u00a0\u00a0<\/span><\/b><\/h3><h3 style=\"text-align: center;\"><span style=\"color: #800080; font-family: comic sans ms, sans-serif;\"><b>\u00a0<\/b><\/span><\/h3><p style=\"text-align: center;\"><span style=\"color: #000000;\"><strong>*form of payment for invitations is cash in the salon, credit card, bank transfer or transfer24<\/strong><\/span><\/p><h3 style=\"text-align: center;\"><span style=\"color: #800080; font-family: comic sans ms, sans-serif;\"><b>\u00a0<\/b><\/span><b style=\"color: #800080; font-family: 'comic sans ms', sans-serif; font-size: 16px;\"><img decoding=\"async\" src=\"https:\/\/www.thai-land.pl\/wp-content\/uploads\/2019\/03\/przelewy24_loga.png\" alt=\"\" width=\"271\" height=\"52\" \/>\u00a0<\/b><\/h3><h3 style=\"text-align: center;\">\u00a0<\/h3><div>\u00a01n<\/div>\t\t\t\t\t\t\t\t<\/div>\n\t\t\t\t<\/div>\n\t\t\t\t<section class=\"elementor-section elementor-inner-section elementor-element elementor-element-2007b5e elementor-section-boxed elementor-section-height-default elementor-section-height-default\" data-id=\"2007b5e\" data-element_type=\"section\" data-e-type=\"section\" data-settings=\"{&quot;jet_parallax_layout_list&quot;:[]}\">\n\t\t\t\t\t\t<div class=\"elementor-container elementor-column-gap-default\">\n\t\t\t\t\t<div class=\"elementor-column elementor-col-50 elementor-inner-column elementor-element elementor-element-c440e2f\" data-id=\"c440e2f\" data-element_type=\"column\" data-e-type=\"column\">\n\t\t\t<div class=\"elementor-widget-wrap\">\n\t\t\t\t\t\t\t<\/div>\n\t\t<\/div>\n\t\t\t\t<div class=\"elementor-column elementor-col-50 elementor-inner-column elementor-element elementor-element-173c0ec\" data-id=\"173c0ec\" data-element_type=\"column\" data-e-type=\"column\">\n\t\t\t<div class=\"elementor-widget-wrap\">\n\t\t\t\t\t\t\t<\/div>\n\t\t<\/div>\n\t\t\t\t\t<\/div>\n\t\t<\/section>\n\t\t\t\t<div class=\"elementor-element elementor-element-40dd104 elementor-arrows-position-inside elementor-pagination-position-outside elementor-widget elementor-widget-image-carousel\" data-id=\"40dd104\" data-element_type=\"widget\" data-e-type=\"widget\" data-settings=\"{&quot;navigation&quot;:&quot;both&quot;,&quot;autoplay&quot;:&quot;yes&quot;,&quot;pause_on_hover&quot;:&quot;yes&quot;,&quot;pause_on_interaction&quot;:&quot;yes&quot;,&quot;autoplay_speed&quot;:5000,&quot;infinite&quot;:&quot;yes&quot;,&quot;speed&quot;:500}\" data-widget_type=\"image-carousel.default\">\n\t\t\t\t<div class=\"elementor-widget-container\">\n\t\t\t\t\t\t\t<div class=\"elementor-image-carousel-wrapper swiper\" role=\"region\" aria-roledescription=\"carousel\" aria-label=\"Image carousel\" dir=\"ltr\">\n\t\t\t<div class=\"elementor-image-carousel swiper-wrapper\" aria-live=\"off\">\n\t\t\t\t\t\t\t\t<div class=\"swiper-slide\" role=\"group\" aria-roledescription=\"slide\" aria-label=\"1 of 9\"><figure class=\"swiper-slide-inner\"><img decoding=\"async\" class=\"swiper-slide-image\" src=\"https:\/\/www.thai-land.pl\/wp-content\/uploads\/2019\/11\/masa\u017c-dla-kobiet-z-napisem-300x300.jpg\" alt=\"masa\u017c dla kobiet z napisem\" \/><\/figure><\/div><div class=\"swiper-slide\" role=\"group\" aria-roledescription=\"slide\" aria-label=\"2 of 9\"><figure class=\"swiper-slide-inner\"><img decoding=\"async\" class=\"swiper-slide-image\" src=\"https:\/\/www.thai-land.pl\/wp-content\/uploads\/2019\/03\/para-thai-2-small-kwadrat31-300x258.jpg\" alt=\"para-thai-2-small-kwadrat31\" \/><\/figure><\/div><div class=\"swiper-slide\" role=\"group\" aria-roledescription=\"slide\" aria-label=\"3 out of 9\"><figure class=\"swiper-slide-inner\"><img decoding=\"async\" class=\"swiper-slide-image\" src=\"https:\/\/www.thai-land.pl\/wp-content\/uploads\/2019\/11\/masa\u017c-dla-m\u0119\u017cczyzn-z-napisem-300x300.jpg\" alt=\"masa\u017c dla m\u0119\u017cczyzn z napisem\" \/><\/figure><\/div><div class=\"swiper-slide\" role=\"group\" aria-roledescription=\"slide\" aria-label=\"4 out of 9\"><figure class=\"swiper-slide-inner\"><img decoding=\"async\" class=\"swiper-slide-image\" src=\"https:\/\/www.thai-land.pl\/wp-content\/uploads\/2019\/03\/masaze_olejkami.jpg\" alt=\"Basic CMYK\" \/><\/figure><\/div><div class=\"swiper-slide\" role=\"group\" aria-roledescription=\"slide\" aria-label=\"5 out of 9\"><figure class=\"swiper-slide-inner\"><img decoding=\"async\" class=\"swiper-slide-image\" src=\"https:\/\/www.thai-land.pl\/wp-content\/uploads\/2019\/11\/masa\u017c-dla-dwojga-z-napisem-300x300.jpg\" alt=\"masa\u017c dla dwojga z napisem\" \/><\/figure><\/div><div class=\"swiper-slide\" role=\"group\" aria-roledescription=\"slide\" aria-label=\"6 out of 9\"><figure class=\"swiper-slide-inner\"><img decoding=\"async\" class=\"swiper-slide-image\" src=\"https:\/\/www.thai-land.pl\/wp-content\/uploads\/2019\/03\/masaz3a.jpg\" alt=\"masaz3a\" \/><\/figure><\/div><div class=\"swiper-slide\" role=\"group\" aria-roledescription=\"slide\" aria-label=\"7 out of 9\"><figure class=\"swiper-slide-inner\"><img decoding=\"async\" class=\"swiper-slide-image\" src=\"https:\/\/www.thai-land.pl\/wp-content\/uploads\/2019\/11\/Masa\u017c-dla-sportowc\u00f3w-z-napisem-300x300.jpg\" alt=\"Masa\u017c dla sportowc\u00f3w z napisem\" \/><\/figure><\/div><div class=\"swiper-slide\" role=\"group\" aria-roledescription=\"slide\" aria-label=\"8 out of 9\"><figure class=\"swiper-slide-inner\"><img decoding=\"async\" class=\"swiper-slide-image\" src=\"https:\/\/www.thai-land.pl\/wp-content\/uploads\/2019\/03\/tradycyjny-masaz-tajski-300x300.jpg\" alt=\"tradycyjny-masaz-tajski\" \/><\/figure><\/div><div class=\"swiper-slide\" role=\"group\" aria-roledescription=\"slide\" aria-label=\"9 out of 9\"><figure class=\"swiper-slide-inner\"><img decoding=\"async\" class=\"swiper-slide-image\" src=\"https:\/\/www.thai-land.pl\/wp-content\/uploads\/2019\/03\/masaza_dla_dwojga.jpg\" alt=\"Basic CMYK\" \/><\/figure><\/div>\t\t\t<\/div>\n\t\t\t\t\t\t\t\t\t\t\t\t<div class=\"elementor-swiper-button elementor-swiper-button-prev\" role=\"button\" tabindex=\"0\">\n\t\t\t\t\t\t<i aria-hidden=\"true\" class=\"eicon-chevron-left\"><\/i>\t\t\t\t\t<\/div>\n\t\t\t\t\t<div class=\"elementor-swiper-button elementor-swiper-button-next\" role=\"button\" tabindex=\"0\">\n\t\t\t\t\t\t<i aria-hidden=\"true\" class=\"eicon-chevron-right\"><\/i>\t\t\t\t\t<\/div>\n\t\t\t\t\n\t\t\t\t\t\t\t\t\t<div class=\"swiper-pagination\"><\/div>\n\t\t\t\t\t\t\t\t\t<\/div>\n\t\t\t\t\t\t<\/div>\n\t\t\t\t<\/div>\n\t\t\t\t\t<\/div>\n\t\t<\/div>\n\t\t\t\t\t<\/div>\n\t\t<\/section>\n\t\t\t\t<\/div>","protected":false},"excerpt":{"rendered":"<p>Zaproszenia s\u0105 wa\u017cne 30 dni od daty zakupu. \u00a0 Zapraszamy 7 dni w tygodniu od 12:00 do 22:00 \u00a0ul. D\u0142uga 14\/2a w Poznaniu Pytania i rezerwacje?\u00a0 tel.: +48 510 404 504 \u00a0 Kupi\u0142e\u015b zaproszenie on-line i nie otrzyma\u0142e\u015b maila?\u00a0 W pierwszej kolejno\u015bci prosze sprawdzi\u0107 skrzynk\u0119 spam (wiadomo\u015bci \u015bmieci).\u00a0 Czasami nasze maile tam trafiaj\u0105.\u00a0 Zaproszenia s\u0105 &#8230; <a title=\"Promotions\" class=\"read-more\" href=\"https:\/\/www.thai-land.pl\/en\/promocje\/\" aria-label=\"Read more about Promotions\">Read more<\/a><\/p>","protected":false},"author":2,"featured_media":0,"parent":0,"menu_order":0,"comment_status":"closed","ping_status":"closed","template":"","meta":{"footnotes":""},"class_list":["post-20","page","type-page","status-publish"],"aioseo_notices":[],"_links":{"self":[{"href":"https:\/\/www.thai-land.pl\/en\/wp-json\/wp\/v2\/pages\/20","targetHints":{"allow":["GET"]}}],"collection":[{"href":"https:\/\/www.thai-land.pl\/en\/wp-json\/wp\/v2\/pages"}],"about":[{"href":"https:\/\/www.thai-land.pl\/en\/wp-json\/wp\/v2\/types\/page"}],"author":[{"embeddable":true,"href":"https:\/\/www.thai-land.pl\/en\/wp-json\/wp\/v2\/users\/2"}],"replies":[{"embeddable":true,"href":"https:\/\/www.thai-land.pl\/en\/wp-json\/wp\/v2\/comments?post=20"}],"version-history":[{"count":12,"href":"https:\/\/www.thai-land.pl\/en\/wp-json\/wp\/v2\/pages\/20\/revisions"}],"predecessor-version":[{"id":42093,"href":"https:\/\/www.thai-land.pl\/en\/wp-json\/wp\/v2\/pages\/20\/revisions\/42093"}],"wp:attachment":[{"href":"https:\/\/www.thai-land.pl\/en\/wp-json\/wp\/v2\/media?parent=20"}],"curies":[{"name":"wp","href":"https:\/\/api.w.org\/{rel}","templated":true}]}}